{"id":1500,"date":"2018-08-22T15:00:30","date_gmt":"2018-08-22T15:00:30","guid":{"rendered":"http:\/\/93.63.145.189\/studioNEXT-A.it\/studio\/"},"modified":"2025-11-24T11:32:41","modified_gmt":"2025-11-24T10:32:41","slug":"studio","status":"publish","type":"page","link":"https:\/\/www.next-a.it\/it\/studio\/","title":{"rendered":"Studio"},"content":{"rendered":"\t\t<div data-elementor-type=\"wp-page\" data-elementor-id=\"1500\" class=\"elementor elementor-1500 elementor-279\" data-elementor-post-type=\"page\">\n\t\t\t\t<div class=\"elementor-element elementor-element-350095d e-flex e-con-boxed e-con e-parent\" data-id=\"350095d\" data-element_type=\"container\" data-e-type=\"container\">\n\t\t\t\t\t<div class=\"e-con-inner\">\n\t\t\t\t<div class=\"elementor-element elementor-element-382a2f3a elementor-widget elementor-widget-text-editor\" data-id=\"382a2f3a\" data-element_type=\"widget\" data-e-type=\"widget\" data-widget_type=\"text-editor.default\">\n\t\t\t\t<div class=\"elementor-widget-container\">\n\t\t\t\t\t\t\t\t\t<p>NEXT-A \u00e8 una realt\u00e0 professionale attiva da oltre 60 anni, che offre tutti i servizi professionali, dalla progettazione alle attivit\u00e0 di supervisione, monitoraggio e controllo per la realizzazione di interventi edilizi complessi e con particolare esperienza nel settore della riqualificazione e riconversione di ambiti urbani, anche a vocazione turistica.<\/p><p>NEXT-A ha sede a Roma, opera su tutto il territorio nazionale ed all&#8217;estero, sia in ambito pubblico che privato.<\/p><p>Vincitore di concorsi, premi e riconoscimenti a livello nazionale ed internazionale, lo Studio ha progettato e realizzato opere di rilievo, in particolare edifici per attivit\u00e0 terziarie, edifici industriali, culturali e sociali ed interventi di riconversione\/riqualificazione alla scala urbana.<\/p><p>Attualmente \u00e8 in particolare impegnato in progetti e cantieri per attivit\u00e0 terziare e industriali ad alto contenuto tecnologico, soprattutto nel campo aeronautico. Sono in forte sviluppo le attivit\u00e0 nei settori sanitario, aeroportuale, ricettivo, culturale (musei, universit\u00e0, accademie e scuole).<\/p><p>Ha in corso diversi progetti incentrati sull&#8217;applicazione del design alle tecnologie innovative, in chiave di \u201cumanizzazione\u201d: smart grid, smart office, sistemi sanitari.<\/p><p>NEXT-A \u00e8 oggi una realt\u00e0 professionale coordinata dai tre soci, gli Architetti Giuseppe Losurdo, Romina Sambucci e Francesco Abbati, che da oltre 25 anni lavorano insieme nello studio.<\/p><p>Lo studio crede fortemente nel lavoro di equipe e nella complementariet\u00e0 delle competenze specialistiche che interagiscono nella realizzazione di opere di architettura, in tutte le fasi del processo progettuale ed esecutivo.<\/p><p>L\u2019attivit\u00e0 \u00e8 svolta da un nutrito e multidisciplinare gruppo di professionisti che opera con passione e competenza, secondo una comune filosofia di lavoro: la ricerca della piena integrazione tra gli aspetti estetici, tecnici e funzionali del progetto, accanto alla sperimentazione di tecnologie avanzate per la migliore qualit\u00e0 esecutiva e la sostenibilit\u00e0 ambientale ed economica.<\/p><p>Le differenti competenze specialistiche dei vari professionisti vengono condivise, secondo la formula del lavoro in equipe, permettendo di offrire al cliente una gamma efficiente e versatile di servizi.<\/p><p>NEXT-A dispone, gi\u00e0 dal 2001, del Certificato di Qualit\u00e0 Aziendale aggiornato in conformit\u00e0 alle Norme ISO 9001:2015.<\/p><p>Ha ottenuto il Certificato per i Sistemi di gestione per la salute e sicurezza sul lavoro in conformit\u00e0 alle Norme ISO 45001:2018 ed ha inoltre acquisito la Certificazione UNI\/PdR 74:2019 Sistema di Gestione BIM (SGBIM) pervenendo cos\u00ec ad un Sistema di Gestione Integrato che assicura l\u2019efficienza del processo di programmazione, progettazione, produzione, esercizio ed eventuale dismissione dell\u2019opera sia per interventi tradizionali che BIM.<\/p><p><a href=\"https:\/\/www.next-a.it\/wp-content\/uploads\/2025\/11\/Politica-del-Sistema-Gestione-Integrato_Rev-19.pdf\">Politica del Sistema Gestione Integrato<\/a><\/p>\t\t\t\t\t\t\t\t<\/div>\n\t\t\t\t<\/div>\n\t\t\t\t\t<\/div>\n\t\t\t\t<\/div>\n\t\t<div class=\"elementor-element elementor-element-c54e2d0 e-flex e-con-boxed e-con e-parent\" data-id=\"c54e2d0\" data-element_type=\"container\" data-e-type=\"container\">\n\t\t\t\t\t<div class=\"e-con-inner\">\n\t\t<div class=\"elementor-element elementor-element-e3e8e19 e-con-full e-flex e-con e-child\" data-id=\"e3e8e19\" data-element_type=\"container\" data-e-type=\"container\">\n\t\t\t\t<div class=\"elementor-element elementor-element-09d0485 elementor-widget elementor-widget-image\" data-id=\"09d0485\" data-element_type=\"widget\" data-e-type=\"widget\" data-widget_type=\"image.default\">\n\t\t\t\t<div class=\"elementor-widget-container\">\n\t\t\t\t\t\t\t\t\t\t\t\t\t\t\t<img fetchpriority=\"high\" decoding=\"async\" width=\"2560\" height=\"1443\" src=\"https:\/\/www.next-a.it\/wp-content\/uploads\/2025\/11\/Certificazioni_NEXT-A-1-scaled.jpg\" class=\"attachment-full size-full wp-image-4843\" alt=\"\" srcset=\"https:\/\/www.next-a.it\/wp-content\/uploads\/2025\/11\/Certificazioni_NEXT-A-1-scaled.jpg 2560w, https:\/\/www.next-a.it\/wp-content\/uploads\/2025\/11\/Certificazioni_NEXT-A-1-621x350.jpg 621w, https:\/\/www.next-a.it\/wp-content\/uploads\/2025\/11\/Certificazioni_NEXT-A-1-1536x866.jpg 1536w, https:\/\/www.next-a.it\/wp-content\/uploads\/2025\/11\/Certificazioni_NEXT-A-1-2048x1154.jpg 2048w, https:\/\/www.next-a.it\/wp-content\/uploads\/2025\/11\/Certificazioni_NEXT-A-1-480x271.jpg 480w\" sizes=\"(max-width: 2560px) 100vw, 2560px\" \/>\t\t\t\t\t\t\t\t\t\t\t\t\t\t\t<\/div>\n\t\t\t\t<\/div>\n\t\t\t\t<\/div>\n\t\t\t\t\t<\/div>\n\t\t\t\t<\/div>\n\t\t\t\t<\/div>\n\t\t","protected":false},"excerpt":{"rendered":"<p>NEXT-A \u00e8 una realt\u00e0 professionale attiva da oltre 60 anni, che offre tutti i servizi professionali, dalla progettazione alle attivit\u00e0 di supervisione, monitoraggio e controllo per la realizzazione di interventi edilizi complessi e con particolare esperienza nel settore della riqualificazione e riconversione di ambiti urbani, anche a vocazione turistica. NEXT-A ha sede a Roma, opera [&hellip;]<\/p>\n","protected":false},"author":2,"featured_media":3851,"parent":0,"menu_order":0,"comment_status":"closed","ping_status":"closed","template":"","meta":{"_acf_changed":false,"inline_featured_image":false,"footnotes":""},"class_list":["post-1500","page","type-page","status-publish","has-post-thumbnail","hentry"],"acf":[],"yoast_head":"<!-- This site is optimized with the Yoast SEO plugin v27.4 - https:\/\/yoast.com\/product\/yoast-seo-wordpress\/ -->\n<title>Studio - NEXT-A Architetti<\/title>\n<meta name=\"robots\" content=\"index, follow, max-snippet:-1, max-image-preview:large, max-video-preview:-1\" \/>\n<link rel=\"canonical\" href=\"https:\/\/www.next-a.it\/it\/studio\/\" \/>\n<meta property=\"og:locale\" content=\"it_IT\" \/>\n<meta property=\"og:type\" content=\"article\" \/>\n<meta property=\"og:title\" content=\"Studio - NEXT-A Architetti\" \/>\n<meta property=\"og:description\" content=\"NEXT-A \u00e8 una realt\u00e0 professionale attiva da oltre 60 anni, che offre tutti i servizi professionali, dalla progettazione alle attivit\u00e0 di supervisione, monitoraggio e controllo per la realizzazione di interventi edilizi complessi e con particolare esperienza nel settore della riqualificazione e riconversione di ambiti urbani, anche a vocazione turistica. NEXT-A ha sede a Roma, opera [&hellip;]\" \/>\n<meta property=\"og:url\" content=\"https:\/\/www.next-a.it\/it\/studio\/\" \/>\n<meta property=\"og:site_name\" content=\"NEXT-A Architetti\" \/>\n<meta property=\"article:publisher\" content=\"https:\/\/it-it.facebook.com\/Studio-NEXT-A-Architetti-150951204944287\/\" \/>\n<meta property=\"article:modified_time\" content=\"2025-11-24T10:32:41+00:00\" \/>\n<meta property=\"og:image\" content=\"https:\/\/www.next-a.it\/wp-content\/uploads\/2024\/04\/11.jpg\" \/>\n\t<meta property=\"og:image:width\" content=\"2000\" \/>\n\t<meta property=\"og:image:height\" content=\"1333\" \/>\n\t<meta property=\"og:image:type\" content=\"image\/jpeg\" \/>\n<meta name=\"twitter:card\" content=\"summary_large_image\" \/>\n<meta name=\"twitter:label1\" content=\"Tempo di lettura stimato\" \/>\n\t<meta name=\"twitter:data1\" content=\"3 minuti\" \/>\n<script type=\"application\/ld+json\" class=\"yoast-schema-graph\">{\"@context\":\"https:\\\/\\\/schema.org\",\"@graph\":[{\"@type\":\"WebPage\",\"@id\":\"https:\\\/\\\/www.next-a.it\\\/it\\\/studio\\\/\",\"url\":\"https:\\\/\\\/www.next-a.it\\\/it\\\/studio\\\/\",\"name\":\"Studio - NEXT-A Architetti\",\"isPartOf\":{\"@id\":\"https:\\\/\\\/www.next-a.it\\\/#website\"},\"primaryImageOfPage\":{\"@id\":\"https:\\\/\\\/www.next-a.it\\\/it\\\/studio\\\/#primaryimage\"},\"image\":{\"@id\":\"https:\\\/\\\/www.next-a.it\\\/it\\\/studio\\\/#primaryimage\"},\"thumbnailUrl\":\"https:\\\/\\\/www.next-a.it\\\/wp-content\\\/uploads\\\/2024\\\/04\\\/11.jpg\",\"datePublished\":\"2018-08-22T15:00:30+00:00\",\"dateModified\":\"2025-11-24T10:32:41+00:00\",\"breadcrumb\":{\"@id\":\"https:\\\/\\\/www.next-a.it\\\/it\\\/studio\\\/#breadcrumb\"},\"inLanguage\":\"it-IT\",\"potentialAction\":[{\"@type\":\"ReadAction\",\"target\":[\"https:\\\/\\\/www.next-a.it\\\/it\\\/studio\\\/\"]}]},{\"@type\":\"ImageObject\",\"inLanguage\":\"it-IT\",\"@id\":\"https:\\\/\\\/www.next-a.it\\\/it\\\/studio\\\/#primaryimage\",\"url\":\"https:\\\/\\\/www.next-a.it\\\/wp-content\\\/uploads\\\/2024\\\/04\\\/11.jpg\",\"contentUrl\":\"https:\\\/\\\/www.next-a.it\\\/wp-content\\\/uploads\\\/2024\\\/04\\\/11.jpg\",\"width\":2000,\"height\":1333},{\"@type\":\"BreadcrumbList\",\"@id\":\"https:\\\/\\\/www.next-a.it\\\/it\\\/studio\\\/#breadcrumb\",\"itemListElement\":[{\"@type\":\"ListItem\",\"position\":1,\"name\":\"Home\",\"item\":\"https:\\\/\\\/www.next-a.it\\\/it\\\/\"},{\"@type\":\"ListItem\",\"position\":2,\"name\":\"Studio\"}]},{\"@type\":\"WebSite\",\"@id\":\"https:\\\/\\\/www.next-a.it\\\/#website\",\"url\":\"https:\\\/\\\/www.next-a.it\\\/\",\"name\":\"NEXT-A Architetti\",\"description\":\"\",\"publisher\":{\"@id\":\"https:\\\/\\\/www.next-a.it\\\/#organization\"},\"potentialAction\":[{\"@type\":\"SearchAction\",\"target\":{\"@type\":\"EntryPoint\",\"urlTemplate\":\"https:\\\/\\\/www.next-a.it\\\/?s={search_term_string}\"},\"query-input\":{\"@type\":\"PropertyValueSpecification\",\"valueRequired\":true,\"valueName\":\"search_term_string\"}}],\"inLanguage\":\"it-IT\"},{\"@type\":\"Organization\",\"@id\":\"https:\\\/\\\/www.next-a.it\\\/#organization\",\"name\":\"NEXT-A Architetti\",\"url\":\"https:\\\/\\\/www.next-a.it\\\/\",\"logo\":{\"@type\":\"ImageObject\",\"inLanguage\":\"it-IT\",\"@id\":\"https:\\\/\\\/www.next-a.it\\\/#\\\/schema\\\/logo\\\/image\\\/\",\"url\":\"http:\\\/\\\/93.63.145.189\\\/studioNEXT-A.it\\\/wp-content\\\/uploads\\\/2018\\\/10\\\/logo-studio-NEXT-A.png\",\"contentUrl\":\"http:\\\/\\\/93.63.145.189\\\/studioNEXT-A.it\\\/wp-content\\\/uploads\\\/2018\\\/10\\\/logo-studio-NEXT-A.png\",\"width\":1024,\"height\":416,\"caption\":\"NEXT-A Architetti\"},\"image\":{\"@id\":\"https:\\\/\\\/www.next-a.it\\\/#\\\/schema\\\/logo\\\/image\\\/\"},\"sameAs\":[\"https:\\\/\\\/it-it.facebook.com\\\/Studio-NEXT-A-Architetti-150951204944287\\\/\",\"https:\\\/\\\/www.linkedin.com\\\/company\\\/studio-NEXT-A-architetti\\\/\",\"https:\\\/\\\/www.youtube.com\\\/user\\\/StudioNEXT-A\"]}]}<\/script>\n<!-- \/ Yoast SEO plugin. -->","yoast_head_json":{"title":"Studio - NEXT-A Architetti","robots":{"index":"index","follow":"follow","max-snippet":"max-snippet:-1","max-image-preview":"max-image-preview:large","max-video-preview":"max-video-preview:-1"},"canonical":"https:\/\/www.next-a.it\/it\/studio\/","og_locale":"it_IT","og_type":"article","og_title":"Studio - NEXT-A Architetti","og_description":"NEXT-A \u00e8 una realt\u00e0 professionale attiva da oltre 60 anni, che offre tutti i servizi professionali, dalla progettazione alle attivit\u00e0 di supervisione, monitoraggio e controllo per la realizzazione di interventi edilizi complessi e con particolare esperienza nel settore della riqualificazione e riconversione di ambiti urbani, anche a vocazione turistica. NEXT-A ha sede a Roma, opera [&hellip;]","og_url":"https:\/\/www.next-a.it\/it\/studio\/","og_site_name":"NEXT-A Architetti","article_publisher":"https:\/\/it-it.facebook.com\/Studio-NEXT-A-Architetti-150951204944287\/","article_modified_time":"2025-11-24T10:32:41+00:00","og_image":[{"width":2000,"height":1333,"url":"https:\/\/www.next-a.it\/wp-content\/uploads\/2024\/04\/11.jpg","type":"image\/jpeg"}],"twitter_card":"summary_large_image","twitter_misc":{"Tempo di lettura stimato":"3 minuti"},"schema":{"@context":"https:\/\/schema.org","@graph":[{"@type":"WebPage","@id":"https:\/\/www.next-a.it\/it\/studio\/","url":"https:\/\/www.next-a.it\/it\/studio\/","name":"Studio - NEXT-A Architetti","isPartOf":{"@id":"https:\/\/www.next-a.it\/#website"},"primaryImageOfPage":{"@id":"https:\/\/www.next-a.it\/it\/studio\/#primaryimage"},"image":{"@id":"https:\/\/www.next-a.it\/it\/studio\/#primaryimage"},"thumbnailUrl":"https:\/\/www.next-a.it\/wp-content\/uploads\/2024\/04\/11.jpg","datePublished":"2018-08-22T15:00:30+00:00","dateModified":"2025-11-24T10:32:41+00:00","breadcrumb":{"@id":"https:\/\/www.next-a.it\/it\/studio\/#breadcrumb"},"inLanguage":"it-IT","potentialAction":[{"@type":"ReadAction","target":["https:\/\/www.next-a.it\/it\/studio\/"]}]},{"@type":"ImageObject","inLanguage":"it-IT","@id":"https:\/\/www.next-a.it\/it\/studio\/#primaryimage","url":"https:\/\/www.next-a.it\/wp-content\/uploads\/2024\/04\/11.jpg","contentUrl":"https:\/\/www.next-a.it\/wp-content\/uploads\/2024\/04\/11.jpg","width":2000,"height":1333},{"@type":"BreadcrumbList","@id":"https:\/\/www.next-a.it\/it\/studio\/#breadcrumb","itemListElement":[{"@type":"ListItem","position":1,"name":"Home","item":"https:\/\/www.next-a.it\/it\/"},{"@type":"ListItem","position":2,"name":"Studio"}]},{"@type":"WebSite","@id":"https:\/\/www.next-a.it\/#website","url":"https:\/\/www.next-a.it\/","name":"NEXT-A Architetti","description":"","publisher":{"@id":"https:\/\/www.next-a.it\/#organization"},"potentialAction":[{"@type":"SearchAction","target":{"@type":"EntryPoint","urlTemplate":"https:\/\/www.next-a.it\/?s={search_term_string}"},"query-input":{"@type":"PropertyValueSpecification","valueRequired":true,"valueName":"search_term_string"}}],"inLanguage":"it-IT"},{"@type":"Organization","@id":"https:\/\/www.next-a.it\/#organization","name":"NEXT-A Architetti","url":"https:\/\/www.next-a.it\/","logo":{"@type":"ImageObject","inLanguage":"it-IT","@id":"https:\/\/www.next-a.it\/#\/schema\/logo\/image\/","url":"http:\/\/93.63.145.189\/studioNEXT-A.it\/wp-content\/uploads\/2018\/10\/logo-studio-NEXT-A.png","contentUrl":"http:\/\/93.63.145.189\/studioNEXT-A.it\/wp-content\/uploads\/2018\/10\/logo-studio-NEXT-A.png","width":1024,"height":416,"caption":"NEXT-A Architetti"},"image":{"@id":"https:\/\/www.next-a.it\/#\/schema\/logo\/image\/"},"sameAs":["https:\/\/it-it.facebook.com\/Studio-NEXT-A-Architetti-150951204944287\/","https:\/\/www.linkedin.com\/company\/studio-NEXT-A-architetti\/","https:\/\/www.youtube.com\/user\/StudioNEXT-A"]}]}},"_links":{"self":[{"href":"https:\/\/www.next-a.it\/it\/wp-json\/wp\/v2\/pages\/1500","targetHints":{"allow":["GET"]}}],"collection":[{"href":"https:\/\/www.next-a.it\/it\/wp-json\/wp\/v2\/pages"}],"about":[{"href":"https:\/\/www.next-a.it\/it\/wp-json\/wp\/v2\/types\/page"}],"author":[{"embeddable":true,"href":"https:\/\/www.next-a.it\/it\/wp-json\/wp\/v2\/users\/2"}],"replies":[{"embeddable":true,"href":"https:\/\/www.next-a.it\/it\/wp-json\/wp\/v2\/comments?post=1500"}],"version-history":[{"count":71,"href":"https:\/\/www.next-a.it\/it\/wp-json\/wp\/v2\/pages\/1500\/revisions"}],"predecessor-version":[{"id":4847,"href":"https:\/\/www.next-a.it\/it\/wp-json\/wp\/v2\/pages\/1500\/revisions\/4847"}],"wp:featuredmedia":[{"embeddable":true,"href":"https:\/\/www.next-a.it\/it\/wp-json\/wp\/v2\/media\/3851"}],"wp:attachment":[{"href":"https:\/\/www.next-a.it\/it\/wp-json\/wp\/v2\/media?parent=1500"}],"curies":[{"name":"wp","href":"https:\/\/api.w.org\/{rel}","templated":true}]}}